

{"id":25986,"date":"2024-09-13T15:56:50","date_gmt":"2024-09-13T15:56:50","guid":{"rendered":"https:\/\/orthoptie.be\/?page_id=25986"},"modified":"2024-10-06T12:04:25","modified_gmt":"2024-10-06T12:04:25","slug":"formation-continue","status":"publish","type":"page","link":"https:\/\/orthoptie.be\/nl\/formation-continue\/","title":{"rendered":"Permanente vorming"},"content":{"rendered":"<div data-elementor-type=\"wp-page\" data-elementor-id=\"25986\" class=\"elementor elementor-25986\">\n\t\t\t\t\t\t<section class=\"elementor-section elementor-top-section elementor-element elementor-element-49686de elementor-section-height-min-height elementor-section-content-top elementor-section-items-top elementor-section-boxed elementor-section-height-default sc_fly_static\" data-id=\"49686de\" data-element_type=\"section\">\n\t\t\t\t\t\t<div class=\"elementor-container elementor-column-gap-extended\">\n\t\t\t\t\t<div class=\"elementor-column elementor-col-100 elementor-top-column elementor-element elementor-element-f1dbf11 sc_layouts_column_align_center sc_layouts_column sc_inner_width_none sc_content_align_inherit sc_layouts_column_icons_position_left sc_fly_static\" data-id=\"f1dbf11\" data-element_type=\"column\">\n\t\t\t<div class=\"elementor-widget-wrap elementor-element-populated\">\n\t\t\t\t\t\t<div class=\"elementor-element elementor-element-b5f1be0 elementor-view-default sc_fly_static elementor-widget elementor-widget-icon\" data-id=\"b5f1be0\" data-element_type=\"widget\" data-widget_type=\"icon.default\">\n\t\t\t\t<div class=\"elementor-widget-container\">\n\t\t\t\t\t\t\t<div class=\"elementor-icon-wrapper\">\n\t\t\t<a class=\"elementor-icon\" href=\"#anchor\">\n\t\t\t<svg xmlns=\"http:\/\/www.w3.org\/2000\/svg\" width=\"14.626\" height=\"8.639\" viewbox=\"0 0 14.626 8.639\"><g id=\"down-arrow\" transform=\"translate(0 -70.698)\"><g id=\"Group_8820\" data-name=\"Group 8820\" transform=\"translate(0 100.698)\"><path id=\"Path_6507\" data-name=\"Path 6507\" d=\"M14.392,101.42l-.479-.482a.8.8,0,0,0-1.132,0L7.316,106.4l-5.472-5.472a.8.8,0,0,0-1.132,0l-.479.479a.8.8,0,0,0,0,1.131l6.515,6.538a.818.818,0,0,0,.567.257h0a.818.818,0,0,0,.566-.257l6.508-6.52a.808.808,0,0,0,.234-.571A.8.8,0,0,0,14.392,101.42Z\" transform=\"translate(0 -130.698)\"><\/path><\/g><\/g><\/svg>\t\t\t<\/a>\n\t\t<\/div>\n\t\t\t\t\t\t<\/div>\n\t\t\t\t<\/div>\n\t\t\t\t\t<\/div>\n\t\t<\/div>\n\t\t\t\t\t<\/div>\n\t\t<\/section>\n\t\t\t\t<section class=\"elementor-section elementor-top-section elementor-element elementor-element-48d79eed elementor-section-boxed elementor-section-height-default elementor-section-height-default sc_fly_static\" data-id=\"48d79eed\" data-element_type=\"section\">\n\t\t\t\t\t\t<div class=\"elementor-container elementor-column-gap-extended\">\n\t\t\t\t\t<div class=\"elementor-column elementor-col-100 elementor-top-column elementor-element elementor-element-2fc28cdc sc_inner_width_none sc_content_align_inherit sc_layouts_column_icons_position_left sc_fly_static\" data-id=\"2fc28cdc\" data-element_type=\"column\">\n\t\t\t<div class=\"elementor-widget-wrap elementor-element-populated\">\n\t\t\t\t\t\t<div class=\"elementor-element elementor-element-43af1aba sc_height_huge sc_fly_static elementor-widget elementor-widget-spacer\" data-id=\"43af1aba\" data-element_type=\"widget\" data-widget_type=\"spacer.default\">\n\t\t\t\t<div class=\"elementor-widget-container\">\n\t\t\t\t\t\t\t<div class=\"elementor-spacer\">\n\t\t\t<div class=\"elementor-spacer-inner\"><\/div>\n\t\t<\/div>\n\t\t\t\t\t\t<\/div>\n\t\t\t\t<\/div>\n\t\t\t\t\t<\/div>\n\t\t<\/div>\n\t\t\t\t\t<\/div>\n\t\t<\/section>\n\t\t\t\t<section class=\"elementor-section elementor-top-section elementor-element elementor-element-2917a763 elementor-section-content-middle sc_layouts_hide_on_wide sc_layouts_hide_on_desktop sc_layouts_hide_on_notebook sc_layouts_hide_on_tablet sc_layouts_hide_on_mobile elementor-section-boxed elementor-section-height-default elementor-section-height-default sc_fly_static\" data-id=\"2917a763\" data-element_type=\"section\" data-settings=\"{&quot;background_background&quot;:&quot;classic&quot;}\">\n\t\t\t\t\t\t<div class=\"elementor-container elementor-column-gap-extended\">\n\t\t\t\t\t<div class=\"elementor-column elementor-col-50 elementor-top-column elementor-element elementor-element-2af00c01 sc_inner_width_none sc_content_align_inherit sc_layouts_column_icons_position_left sc_fly_static\" data-id=\"2af00c01\" data-element_type=\"column\">\n\t\t\t<div class=\"elementor-widget-wrap elementor-element-populated\">\n\t\t\t\t\t\t<section class=\"elementor-section elementor-inner-section elementor-element elementor-element-6e0fd3fe elementor-section-content-bottom elementor-section-boxed elementor-section-height-default elementor-section-height-default sc_fly_static\" data-id=\"6e0fd3fe\" data-element_type=\"section\">\n\t\t\t\t\t\t<div class=\"elementor-container elementor-column-gap-no\">\n\t\t\t\t\t<div class=\"elementor-column elementor-col-100 elementor-inner-column elementor-element elementor-element-5df4f0aa sc_inner_width_none sc_content_align_inherit sc_layouts_column_icons_position_left sc_fly_static\" data-id=\"5df4f0aa\" data-element_type=\"column\">\n\t\t\t<div class=\"elementor-widget-wrap elementor-element-populated\">\n\t\t\t\t\t\t<div class=\"elementor-element elementor-element-45ecab45 elementor-widget__width-auto no-title sc_fly_static elementor-widget elementor-widget-image\" data-id=\"45ecab45\" data-element_type=\"widget\" data-widget_type=\"image.default\">\n\t\t\t\t<div class=\"elementor-widget-container\">\n\t\t\t\t\t\t\t\t\t\t\t\t<figure class=\"wp-caption\">\n\t\t\t\t\t\t\t\t\t\t<img decoding=\"async\" src=\"https:\/\/orthoptie.be\/wp-content\/uploads\/elementor\/thumbs\/association-belge-orthoptie-test-visuel-skiascopie-qy3i0dgh2pzk6ko1l0npoue6tj6g4mi8tz6fbjsfaw.jpg\" title=\"association-belge-orthoptie-test-visuel-skiascopie\" alt=\"association-belge-orthoptie-test-visuel-skiascopie\" loading=\"lazy\" \/>\t\t\t\t\t\t\t\t\t\t\t<figcaption class=\"widget-image-caption wp-caption-text\"><\/figcaption>\n\t\t\t\t\t\t\t\t\t\t<\/figure>\n\t\t\t\t\t\t\t\t\t<\/div>\n\t\t\t\t<\/div>\n\t\t\t\t<div class=\"elementor-element elementor-element-4aaa34d5 scheme_dark elementor-widget__width-initial elementor-absolute sc_fly_static elementor-widget elementor-widget-heading\" data-id=\"4aaa34d5\" data-element_type=\"widget\" data-settings=\"{&quot;_position&quot;:&quot;absolute&quot;}\" data-widget_type=\"heading.default\">\n\t\t\t\t<div class=\"elementor-widget-container\">\n\t\t\t\t\t<h3 class=\"elementor-heading-title elementor-size-default\">Diplomaopleiding<\/h3>\t\t\t\t<\/div>\n\t\t\t\t<\/div>\n\t\t\t\t\t<\/div>\n\t\t<\/div>\n\t\t\t\t\t<\/div>\n\t\t<\/section>\n\t\t\t\t\t<\/div>\n\t\t<\/div>\n\t\t\t\t<div class=\"elementor-column elementor-col-50 elementor-top-column elementor-element elementor-element-33c4f55c sc_inner_width_none sc_content_align_inherit sc_layouts_column_icons_position_left sc_fly_static\" data-id=\"33c4f55c\" data-element_type=\"column\">\n\t\t\t<div class=\"elementor-widget-wrap elementor-element-populated\">\n\t\t\t\t\t\t<div class=\"elementor-element elementor-element-9069689 sc_fly_static elementor-widget elementor-widget-trx_sc_title\" data-id=\"9069689\" data-element_type=\"widget\" data-widget_type=\"trx_sc_title.default\">\n\t\t\t\t<div class=\"elementor-widget-container\">\n\t\t\t\t\t<div\t\tclass=\"sc_title sc_title_default\" ><h1 class=\"sc_item_title sc_title_title sc_item_title_style_default sc_item_title_tag\"\n\t\t\t><span class=\"sc_item_title_text\">Opleiding en Toegang tot het Beroep<\/span><\/h1><\/div>\t\t\t\t<\/div>\n\t\t\t\t<\/div>\n\t\t\t\t<div class=\"elementor-element elementor-element-76daec77 sc_fly_static elementor-widget elementor-widget-spacer\" data-id=\"76daec77\" data-element_type=\"widget\" data-widget_type=\"spacer.default\">\n\t\t\t\t<div class=\"elementor-widget-container\">\n\t\t\t\t\t\t\t<div class=\"elementor-spacer\">\n\t\t\t<div class=\"elementor-spacer-inner\"><\/div>\n\t\t<\/div>\n\t\t\t\t\t\t<\/div>\n\t\t\t\t<\/div>\n\t\t\t\t<div class=\"elementor-element elementor-element-dc1472f sc_fly_static elementor-widget elementor-widget-text-editor\" data-id=\"dc1472f\" data-element_type=\"widget\" data-widget_type=\"text-editor.default\">\n\t\t\t\t<div class=\"elementor-widget-container\">\n\t\t\t\t\t\t\t\t\t<p>Om orthoptist te worden in Belgi\u00eb, moet je een diploma hoger onderwijs behalen met minimaal 180 ECTS-studiepunten.<\/p>\t\t\t\t\t\t\t\t<\/div>\n\t\t\t\t<\/div>\n\t\t\t\t<div class=\"elementor-element elementor-element-f77938c sc_fly_static elementor-widget elementor-widget-spacer\" data-id=\"f77938c\" data-element_type=\"widget\" data-widget_type=\"spacer.default\">\n\t\t\t\t<div class=\"elementor-widget-container\">\n\t\t\t\t\t\t\t<div class=\"elementor-spacer\">\n\t\t\t<div class=\"elementor-spacer-inner\"><\/div>\n\t\t<\/div>\n\t\t\t\t\t\t<\/div>\n\t\t\t\t<\/div>\n\t\t\t\t<div class=\"elementor-element elementor-element-886b09e sc_fly_static elementor-widget elementor-widget-text-editor\" data-id=\"886b09e\" data-element_type=\"widget\" data-widget_type=\"text-editor.default\">\n\t\t\t\t<div class=\"elementor-widget-container\">\n\t\t\t\t\t\t\t\t\t<p>De opleiding duurt 3 jaar en komt overeen met het bachelor niveau, met cursussen die specifiek gericht zijn op de handelingen en vaardigheden die nodig zijn om het beroep uit te oefenen.<\/p><p>Sommige opleidingen bieden een diploma aan uitsluitend voor orthoptie, terwijl andere opleidingen orthoptie combineren met optometrie, waarvan \u00e9\u00e9n gemeenschappelijke stam en twee aparte afstudeerrichtingen.<\/p>\t\t\t\t\t\t\t\t<\/div>\n\t\t\t\t<\/div>\n\t\t\t\t<div class=\"elementor-element elementor-element-f845f4c sc_fly_static elementor-widget elementor-widget-spacer\" data-id=\"f845f4c\" data-element_type=\"widget\" data-widget_type=\"spacer.default\">\n\t\t\t\t<div class=\"elementor-widget-container\">\n\t\t\t\t\t\t\t<div class=\"elementor-spacer\">\n\t\t\t<div class=\"elementor-spacer-inner\"><\/div>\n\t\t<\/div>\n\t\t\t\t\t\t<\/div>\n\t\t\t\t<\/div>\n\t\t\t\t<div class=\"elementor-element elementor-element-2e9e24c sc_height_tiny sc_layouts_hide_on_tablet sc_layouts_hide_on_mobile sc_fly_static elementor-widget elementor-widget-spacer\" data-id=\"2e9e24c\" data-element_type=\"widget\" data-widget_type=\"spacer.default\">\n\t\t\t\t<div class=\"elementor-widget-container\">\n\t\t\t\t\t\t\t<div class=\"elementor-spacer\">\n\t\t\t<div class=\"elementor-spacer-inner\"><\/div>\n\t\t<\/div>\n\t\t\t\t\t\t<\/div>\n\t\t\t\t<\/div>\n\t\t\t\t\t<\/div>\n\t\t<\/div>\n\t\t\t\t\t<\/div>\n\t\t<\/section>\n\t\t\t\t<section class=\"elementor-section elementor-top-section elementor-element elementor-element-461122c5 elementor-section-boxed elementor-section-height-default elementor-section-height-default sc_fly_static\" data-id=\"461122c5\" data-element_type=\"section\">\n\t\t\t\t\t\t<div class=\"elementor-container elementor-column-gap-extended\">\n\t\t\t\t\t<div class=\"elementor-column elementor-col-100 elementor-top-column elementor-element elementor-element-23898715 sc_inner_width_none sc_content_align_inherit sc_layouts_column_icons_position_left sc_fly_static\" data-id=\"23898715\" data-element_type=\"column\">\n\t\t\t<div class=\"elementor-widget-wrap elementor-element-populated\">\n\t\t\t\t\t\t<div class=\"elementor-element elementor-element-20d76595 sc_height_huge sc_fly_static elementor-widget elementor-widget-spacer\" data-id=\"20d76595\" data-element_type=\"widget\" data-widget_type=\"spacer.default\">\n\t\t\t\t<div class=\"elementor-widget-container\">\n\t\t\t\t\t\t\t<div class=\"elementor-spacer\">\n\t\t\t<div class=\"elementor-spacer-inner\"><\/div>\n\t\t<\/div>\n\t\t\t\t\t\t<\/div>\n\t\t\t\t<\/div>\n\t\t\t\t\t<\/div>\n\t\t<\/div>\n\t\t\t\t\t<\/div>\n\t\t<\/section>\n\t\t\t\t<section class=\"elementor-section elementor-top-section elementor-element elementor-element-5a1289d8 scheme_default sc_layouts_hide_on_wide sc_layouts_hide_on_desktop sc_layouts_hide_on_notebook sc_layouts_hide_on_tablet sc_layouts_hide_on_mobile elementor-section-boxed elementor-section-height-default elementor-section-height-default sc_fly_static\" data-id=\"5a1289d8\" data-element_type=\"section\" data-settings=\"{&quot;background_background&quot;:&quot;classic&quot;}\">\n\t\t\t\t\t\t<div class=\"elementor-container elementor-column-gap-extended\">\n\t\t\t\t\t<div class=\"elementor-column elementor-col-100 elementor-top-column elementor-element elementor-element-4ca12d22 sc_inner_width_none sc_content_align_inherit sc_layouts_column_icons_position_left sc_fly_static\" data-id=\"4ca12d22\" data-element_type=\"column\">\n\t\t\t<div class=\"elementor-widget-wrap elementor-element-populated\">\n\t\t\t\t\t\t<div class=\"elementor-element elementor-element-23bf47de sc_height_huge sc_fly_static elementor-widget elementor-widget-spacer\" data-id=\"23bf47de\" data-element_type=\"widget\" data-widget_type=\"spacer.default\">\n\t\t\t\t<div class=\"elementor-widget-container\">\n\t\t\t\t\t\t\t<div class=\"elementor-spacer\">\n\t\t\t<div class=\"elementor-spacer-inner\"><\/div>\n\t\t<\/div>\n\t\t\t\t\t\t<\/div>\n\t\t\t\t<\/div>\n\t\t\t\t<div class=\"elementor-element elementor-element-7e15e8b sc_fly_static elementor-widget elementor-widget-trx_sc_title\" data-id=\"7e15e8b\" data-element_type=\"widget\" data-widget_type=\"trx_sc_title.default\">\n\t\t\t\t<div class=\"elementor-widget-container\">\n\t\t\t\t\t<div\t\tclass=\"sc_title sc_title_default\" ><h1 class=\"sc_item_title sc_title_title sc_align_center sc_item_title_style_default sc_item_title_tag\"\n\t\t\t><span class=\"sc_item_title_text\">Opleidingsinstellingen<\/span><\/h1><\/div>\t\t\t\t<\/div>\n\t\t\t\t<\/div>\n\t\t\t\t<div class=\"elementor-element elementor-element-253ad9a sc_height_small sc_fly_static elementor-widget elementor-widget-spacer\" data-id=\"253ad9a\" data-element_type=\"widget\" data-widget_type=\"spacer.default\">\n\t\t\t\t<div class=\"elementor-widget-container\">\n\t\t\t\t\t\t\t<div class=\"elementor-spacer\">\n\t\t\t<div class=\"elementor-spacer-inner\"><\/div>\n\t\t<\/div>\n\t\t\t\t\t\t<\/div>\n\t\t\t\t<\/div>\n\t\t\t\t<section class=\"elementor-section elementor-inner-section elementor-element elementor-element-1a5dcc90 elementor-section-boxed elementor-section-height-default elementor-section-height-default sc_fly_static\" data-id=\"1a5dcc90\" data-element_type=\"section\">\n\t\t\t\t\t\t<div class=\"elementor-container elementor-column-gap-no\">\n\t\t\t\t\t<div class=\"elementor-column elementor-col-100 elementor-inner-column elementor-element elementor-element-15e5b068 sc_inner_width_none sc_content_align_inherit sc_layouts_column_icons_position_left sc_fly_static\" data-id=\"15e5b068\" data-element_type=\"column\">\n\t\t\t<div class=\"elementor-widget-wrap elementor-element-populated\">\n\t\t\t\t\t\t<div class=\"elementor-element elementor-element-19bfcce sc_height_small sc_fly_static elementor-widget elementor-widget-spacer\" data-id=\"19bfcce\" data-element_type=\"widget\" data-widget_type=\"spacer.default\">\n\t\t\t\t<div class=\"elementor-widget-container\">\n\t\t\t\t\t\t\t<div class=\"elementor-spacer\">\n\t\t\t<div class=\"elementor-spacer-inner\"><\/div>\n\t\t<\/div>\n\t\t\t\t\t\t<\/div>\n\t\t\t\t<\/div>\n\t\t\t\t<div class=\"elementor-element elementor-element-37d8768 sc_fly_static elementor-widget elementor-widget-trx_sc_switcher\" data-id=\"37d8768\" data-element_type=\"widget\" data-widget_type=\"trx_sc_switcher.default\">\n\t\t\t\t<div class=\"elementor-widget-container\">\n\t\t\t\t\t<div  \n\tclass=\"sc_switcher sc_switcher_default sc_switcher_effect_swap\" ><div class=\"sc_switcher_content sc_item_content\" >\n\t\t<div class=\"sc_switcher_controls\">\n\t\t\t<div class=\"sc_switcher_controls_section1\">\n\t\t\t\t<h3 class=\"sc_switcher_controls_section_title\">Walloni\u00eb-Brussel<\/h3>\n\t\t\t<\/div>\n\t\t\t<div class=\"sc_switcher_controls_toggle sc_switcher_controls_toggle_on\">\n\t\t\t\t<span class=\"sc_switcher_controls_toggle_button\"><\/span>\n\t\t\t<\/div>\n\t\t\t<div class=\"sc_switcher_controls_section2\">\n\t\t\t\t<h3 class=\"sc_switcher_controls_section_title\">Vlaanderen<\/h3>\n\t\t\t<\/div>\n\t\t<\/div>\n\t\t<div class=\"sc_switcher_sections\" >\n\t\t\t<div class=\"sc_switcher_slider sc_switcher_slider_2\">\n\t\t\t\t\t\t\t\t\t<div class=\"sc_switcher_section sc_switcher_section_1 sc_switcher_section_active\">\n\t\t\t\t\t\t<ul><li><strong>Luik<\/strong> : HEPL-HEL (Haute \u00e9cole de la province de Li\u00e8ge et Haute \u00e9cole de Li\u00e8ge)<br \/>Contact : Val\u00e9rie Ancion via 04\/238 38 16 of <a rel=\"noopener\">valerie.ancion@hel.be<\/a><br \/>Nathalie Leroy via 04\/279 77 74 ou <a rel=\"noopener\">nathalie.leroy@hepl.be<br \/><br \/><\/a><\/li><li><strong>Brussel<\/strong> : Haute \u00c9cole Libre de Bruxelles (HELB), Haute \u00c9cole De Vinci en Ilya Prigogine, ULB, UCL Louvain<br \/>Contactpersoon : Mej. Ann Vanderheyden <a rel=\"noopener\">coordination.ortho@helb-prigogine.be<\/a><br \/>Secretariaat <a rel=\"noopener\">secretariat.ortho@helb-prigogine.be<\/a><p>\u00a0<\/p><\/li><li><strong>Namen<\/strong> : CESNA, Centre d\u2019Enseignement Sup\u00e9rieur de Namur<br \/>Contactpersoon : Secr\u00e9tariat Mme V\u00e9ronique Sid\u00e9rius via 081 58 91 21 of <a rel=\"noopener\">secretariat@cesna.be<\/a><\/li><\/ul>\t\t\t\t\t<\/div>\n\t\t\t\t\t\t\t\t\t\t<div class=\"sc_switcher_section sc_switcher_section_2\">\n\t\t\t\t\t\t<p>(\u00e9tablissements flamands)<\/p>\t\t\t\t\t<\/div>\n\t\t\t\t\t\t\t\t<\/div>\n\t\t<\/div>\n\t<\/div><\/div>\t\t\t\t<\/div>\n\t\t\t\t<\/div>\n\t\t\t\t<div class=\"elementor-element elementor-element-7d258167 sc_height_huge sc_fly_static elementor-widget elementor-widget-spacer\" data-id=\"7d258167\" data-element_type=\"widget\" data-widget_type=\"spacer.default\">\n\t\t\t\t<div class=\"elementor-widget-container\">\n\t\t\t\t\t\t\t<div class=\"elementor-spacer\">\n\t\t\t<div class=\"elementor-spacer-inner\"><\/div>\n\t\t<\/div>\n\t\t\t\t\t\t<\/div>\n\t\t\t\t<\/div>\n\t\t\t\t\t<\/div>\n\t\t<\/div>\n\t\t\t\t\t<\/div>\n\t\t<\/section>\n\t\t\t\t\t<\/div>\n\t\t<\/div>\n\t\t\t\t\t<\/div>\n\t\t<\/section>\n\t\t\t\t<section class=\"elementor-section elementor-top-section elementor-element elementor-element-58df81c elementor-section-boxed elementor-section-height-default elementor-section-height-default sc_fly_static\" data-id=\"58df81c\" data-element_type=\"section\" data-settings=\"{&quot;background_background&quot;:&quot;classic&quot;}\">\n\t\t\t\t\t\t<div class=\"elementor-container elementor-column-gap-default\">\n\t\t\t\t\t<div class=\"elementor-column elementor-col-100 elementor-top-column elementor-element elementor-element-0ac3008 scheme_default sc_inner_width_none sc_content_align_inherit sc_layouts_column_icons_position_left sc_fly_static\" data-id=\"0ac3008\" data-element_type=\"column\">\n\t\t\t<div class=\"elementor-widget-wrap elementor-element-populated\">\n\t\t\t\t\t\t<div class=\"elementor-element elementor-element-679296b sc_height_huge sc_fly_static elementor-widget elementor-widget-spacer\" data-id=\"679296b\" data-element_type=\"widget\" data-widget_type=\"spacer.default\">\n\t\t\t\t<div class=\"elementor-widget-container\">\n\t\t\t\t\t\t\t<div class=\"elementor-spacer\">\n\t\t\t<div class=\"elementor-spacer-inner\"><\/div>\n\t\t<\/div>\n\t\t\t\t\t\t<\/div>\n\t\t\t\t<\/div>\n\t\t\t\t\t<\/div>\n\t\t<\/div>\n\t\t\t\t\t<\/div>\n\t\t<\/section>\n\t\t\t\t<section class=\"elementor-section elementor-top-section elementor-element elementor-element-a6ab552 sc_layouts_hide_on_wide sc_layouts_hide_on_desktop sc_layouts_hide_on_notebook sc_layouts_hide_on_tablet sc_layouts_hide_on_mobile elementor-section-boxed elementor-section-height-default elementor-section-height-default sc_fly_static\" data-id=\"a6ab552\" data-element_type=\"section\" data-settings=\"{&quot;background_background&quot;:&quot;classic&quot;}\">\n\t\t\t\t\t\t<div class=\"elementor-container elementor-column-gap-default\">\n\t\t\t\t\t<div class=\"elementor-column elementor-col-50 elementor-top-column elementor-element elementor-element-b62ab49 sc_inner_width_none sc_content_align_inherit sc_layouts_column_icons_position_left sc_fly_static\" data-id=\"b62ab49\" data-element_type=\"column\">\n\t\t\t<div class=\"elementor-widget-wrap elementor-element-populated\">\n\t\t\t\t\t\t<div class=\"elementor-element elementor-element-8030cd3 sc_fly_static elementor-widget elementor-widget-trx_sc_title\" data-id=\"8030cd3\" data-element_type=\"widget\" data-widget_type=\"trx_sc_title.default\">\n\t\t\t\t<div class=\"elementor-widget-container\">\n\t\t\t\t\t<div\t\tclass=\"sc_title sc_title_default\" ><h1 class=\"sc_item_title sc_title_title sc_item_title_style_default sc_item_title_tag\"\n\t\t\t><span class=\"sc_item_title_text\">Toegang tot het beroep<\/span><\/h1><div class=\"sc_item_descr sc_title_descr\"><p>Om legaal als orthoptist in Belgi\u00eb te werken, moet u de volgende stappen volgen: <\/p>\n<\/div><\/div>\t\t\t\t<\/div>\n\t\t\t\t<\/div>\n\t\t\t\t<div class=\"elementor-element elementor-element-582d0e5 sc_fly_static elementor-widget elementor-widget-spacer\" data-id=\"582d0e5\" data-element_type=\"widget\" data-widget_type=\"spacer.default\">\n\t\t\t\t<div class=\"elementor-widget-container\">\n\t\t\t\t\t\t\t<div class=\"elementor-spacer\">\n\t\t\t<div class=\"elementor-spacer-inner\"><\/div>\n\t\t<\/div>\n\t\t\t\t\t\t<\/div>\n\t\t\t\t<\/div>\n\t\t\t\t\t<\/div>\n\t\t<\/div>\n\t\t\t\t<div class=\"elementor-column elementor-col-50 elementor-top-column elementor-element elementor-element-cb6f3b2 scheme_default sc_inner_width_none sc_content_align_inherit sc_layouts_column_icons_position_left sc_fly_static\" data-id=\"cb6f3b2\" data-element_type=\"column\">\n\t\t\t<div class=\"elementor-widget-wrap elementor-element-populated\">\n\t\t\t\t\t\t<div class=\"elementor-element elementor-element-c8bc3d2 sc_fly_static elementor-widget elementor-widget-tp-process-steps\" data-id=\"c8bc3d2\" data-element_type=\"widget\" data-widget_type=\"tp-process-steps.default\">\n\t\t\t\t<div class=\"elementor-widget-container\">\n\t\t\t\t\t<div id=\"proste6a0837f6699b2\" class=\"tp-process-steps-widget style_1\"  data-connection=\"\" data-eventtype=\"\"><div class=\"tp-process-steps-wrapper elementor-repeater-item-2322e87 elementor-ps-content-0 active\" data-index=\"0\"><div class=\"tp-ps-left-imt\"><span class=\"tp-ps-icon-img\"><i aria-hidden=\"true\" class=\"fas fa-user-graduate\"><\/i><\/span><\/div><div class=\"tp-ps-right-content\"><span class=\"tp-ps-content\"><h6 class=\"tp-pro-step-title\">Behaal een diploma orthoptie<\/h6> <div class=\"tp-pro-step-desc\"> <p>Het diploma moet worden uitgereikt door een erkende instelling. Het getuigt van de benodigde behaalde competenties die nodig zijn om het beroep uit te oefenen.<\/p> <\/div><\/span><\/div><\/div><div class=\"tp-process-steps-wrapper elementor-repeater-item-a73c049 elementor-ps-content-1\" data-index=\"1\"><div class=\"tp-ps-left-imt\"><span class=\"tp-ps-icon-img\"><i aria-hidden=\"true\" class=\"fas fa-pen-fancy\"><\/i><\/span><\/div><div class=\"tp-ps-right-content\"><span class=\"tp-ps-content\"><h6 class=\"tp-pro-step-title\">Inschrijving bij het RIZIV<\/h6> <div class=\"tp-pro-step-desc\"> <p>Na het behalen van je diploma is inschrijving bij het Rijksinstituut voor Ziekte- en Invaliditeitsverzekering (RIZIV) verplicht. Deze inschrijving zorgt ervoor dat je erkend wordt binnen het Belgische gezondheidszorgsysteem.<\/p> <\/div><\/span><\/div><\/div><div class=\"tp-process-steps-wrapper elementor-repeater-item-f782b4e elementor-ps-content-2\" data-index=\"2\"><div class=\"tp-ps-left-imt\"><span class=\"tp-ps-icon-img\"><i aria-hidden=\"true\" class=\"fas fa-user-check\"><\/i><\/span><\/div><div class=\"tp-ps-right-content\"><span class=\"tp-ps-content\"><h6 class=\"tp-pro-step-title\">Verkrijgen van een visum<\/h6> <div class=\"tp-pro-step-desc\"> <p>Zodra u erkend bent door of een derogatie krijgt van de Gemeenschap (Federatie Walloni\u00eb-Brussel, Vlaamse of Duitstalige Gemeenschap), ontvangt u automatisch een visum van de FOD Volksgezondheid.<\/p> <\/div><\/span><\/div><\/div><div class=\"tp-process-steps-wrapper elementor-repeater-item-9b1fcaa elementor-ps-content-3\" data-index=\"3\"><div class=\"tp-ps-left-imt\"><span class=\"tp-ps-icon-img\"><i aria-hidden=\"true\" class=\"fas fa-award\"><\/i><\/span><\/div><div class=\"tp-ps-right-content\"><span class=\"tp-ps-content\"><h6 class=\"tp-pro-step-title\">Erkenning of derogatie aanvragen<\/h6> <div class=\"tp-pro-step-desc\"> <p>Een erkenningscommissie bekijkt uw diploma en uw bevoegdheid om het beroep uit te mogen oefenen. Als u niet voldoet aan de voorwaarden voor een erkenning, kunt u wellicht een derogatie aanvragen.<\/p> <\/div><\/span><\/div><\/div><\/div>\t\t\t\t<\/div>\n\t\t\t\t<\/div>\n\t\t\t\t\t<\/div>\n\t\t<\/div>\n\t\t\t\t\t<\/div>\n\t\t<\/section>\n\t\t\t\t<section class=\"elementor-section elementor-top-section elementor-element elementor-element-084ffa6 elementor-section-boxed elementor-section-height-default elementor-section-height-default sc_fly_static\" data-id=\"084ffa6\" data-element_type=\"section\" data-settings=\"{&quot;background_background&quot;:&quot;classic&quot;}\">\n\t\t\t\t\t\t<div class=\"elementor-container elementor-column-gap-default\">\n\t\t\t\t\t<div class=\"elementor-column elementor-col-100 elementor-top-column elementor-element elementor-element-8f4280e scheme_default sc_inner_width_none sc_content_align_inherit sc_layouts_column_icons_position_left sc_fly_static\" data-id=\"8f4280e\" data-element_type=\"column\">\n\t\t\t<div class=\"elementor-widget-wrap elementor-element-populated\">\n\t\t\t\t\t\t<div class=\"elementor-element elementor-element-514700d sc_height_huge sc_fly_static elementor-widget elementor-widget-spacer\" data-id=\"514700d\" data-element_type=\"widget\" data-widget_type=\"spacer.default\">\n\t\t\t\t<div class=\"elementor-widget-container\">\n\t\t\t\t\t\t\t<div class=\"elementor-spacer\">\n\t\t\t<div class=\"elementor-spacer-inner\"><\/div>\n\t\t<\/div>\n\t\t\t\t\t\t<\/div>\n\t\t\t\t<\/div>\n\t\t\t\t\t<\/div>\n\t\t<\/div>\n\t\t\t\t\t<\/div>\n\t\t<\/section>\n\t\t\t\t<\/div>","protected":false},"excerpt":{"rendered":"<p>&hellip;<\/p>","protected":false},"author":1,"featured_media":0,"parent":0,"menu_order":0,"comment_status":"closed","ping_status":"closed","template":"","meta":{"_bbp_topic_count":0,"_bbp_reply_count":0,"_bbp_total_topic_count":0,"_bbp_total_reply_count":0,"_bbp_voice_count":0,"_bbp_anonymous_reply_count":0,"_bbp_topic_count_hidden":0,"_bbp_reply_count_hidden":0,"_bbp_forum_subforum_count":0,"footnotes":""},"class_list":["post-25986","page","type-page","status-publish","hentry"],"_links":{"self":[{"href":"https:\/\/orthoptie.be\/nl\/wp-json\/wp\/v2\/pages\/25986","targetHints":{"allow":["GET"]}}],"collection":[{"href":"https:\/\/orthoptie.be\/nl\/wp-json\/wp\/v2\/pages"}],"about":[{"href":"https:\/\/orthoptie.be\/nl\/wp-json\/wp\/v2\/types\/page"}],"author":[{"embeddable":true,"href":"https:\/\/orthoptie.be\/nl\/wp-json\/wp\/v2\/users\/1"}],"replies":[{"embeddable":true,"href":"https:\/\/orthoptie.be\/nl\/wp-json\/wp\/v2\/comments?post=25986"}],"version-history":[{"count":7,"href":"https:\/\/orthoptie.be\/nl\/wp-json\/wp\/v2\/pages\/25986\/revisions"}],"predecessor-version":[{"id":26302,"href":"https:\/\/orthoptie.be\/nl\/wp-json\/wp\/v2\/pages\/25986\/revisions\/26302"}],"wp:attachment":[{"href":"https:\/\/orthoptie.be\/nl\/wp-json\/wp\/v2\/media?parent=25986"}],"curies":[{"name":"wp","href":"https:\/\/api.w.org\/{rel}","templated":true}]}}