

{"id":27308,"date":"2025-02-03T11:27:25","date_gmt":"2025-02-03T11:27:25","guid":{"rendered":"https:\/\/orthoptie.be\/?page_id=27308"},"modified":"2025-02-03T11:33:30","modified_gmt":"2025-02-03T11:33:30","slug":"daisy-godts-honoree-du-stephenson-honorary-fellow-award-2025","status":"publish","type":"page","link":"https:\/\/orthoptie.be\/nl\/daisy-godts-honoree-du-stephenson-honorary-fellow-award-2025\/","title":{"rendered":"Daisy Godts ge\u00eberd met de Stephenson Honorary Fellow Award 2025"},"content":{"rendered":"<div data-elementor-type=\"wp-page\" data-elementor-id=\"27308\" class=\"elementor elementor-27308\">\n\t\t\t\t\t\t<section class=\"elementor-section elementor-top-section elementor-element elementor-element-49686de elementor-section-height-min-height elementor-section-content-top elementor-section-items-top elementor-section-boxed elementor-section-height-default sc_fly_static\" data-id=\"49686de\" data-element_type=\"section\">\n\t\t\t\t\t\t<div class=\"elementor-container elementor-column-gap-extended\">\n\t\t\t\t\t<div class=\"elementor-column elementor-col-100 elementor-top-column elementor-element elementor-element-f1dbf11 sc_layouts_column_align_center sc_layouts_column sc_inner_width_none sc_content_align_inherit sc_layouts_column_icons_position_left sc_fly_static\" data-id=\"f1dbf11\" data-element_type=\"column\">\n\t\t\t<div class=\"elementor-widget-wrap elementor-element-populated\">\n\t\t\t\t\t\t<div class=\"elementor-element elementor-element-b5f1be0 elementor-view-default sc_fly_static elementor-widget elementor-widget-icon\" data-id=\"b5f1be0\" data-element_type=\"widget\" data-widget_type=\"icon.default\">\n\t\t\t\t<div class=\"elementor-widget-container\">\n\t\t\t\t\t\t\t<div class=\"elementor-icon-wrapper\">\n\t\t\t<a class=\"elementor-icon\" href=\"#anchor\">\n\t\t\t<svg xmlns=\"http:\/\/www.w3.org\/2000\/svg\" width=\"14.626\" height=\"8.639\" viewbox=\"0 0 14.626 8.639\"><g id=\"down-arrow\" transform=\"translate(0 -70.698)\"><g id=\"Group_8820\" data-name=\"Group 8820\" transform=\"translate(0 100.698)\"><path id=\"Path_6507\" data-name=\"Path 6507\" d=\"M14.392,101.42l-.479-.482a.8.8,0,0,0-1.132,0L7.316,106.4l-5.472-5.472a.8.8,0,0,0-1.132,0l-.479.479a.8.8,0,0,0,0,1.131l6.515,6.538a.818.818,0,0,0,.567.257h0a.818.818,0,0,0,.566-.257l6.508-6.52a.808.808,0,0,0,.234-.571A.8.8,0,0,0,14.392,101.42Z\" transform=\"translate(0 -130.698)\"><\/path><\/g><\/g><\/svg>\t\t\t<\/a>\n\t\t<\/div>\n\t\t\t\t\t\t<\/div>\n\t\t\t\t<\/div>\n\t\t\t\t\t<\/div>\n\t\t<\/div>\n\t\t\t\t\t<\/div>\n\t\t<\/section>\n\t\t\t\t<section class=\"elementor-section elementor-top-section elementor-element elementor-element-48d79eed elementor-section-boxed elementor-section-height-default elementor-section-height-default sc_fly_static\" data-id=\"48d79eed\" data-element_type=\"section\">\n\t\t\t\t\t\t<div class=\"elementor-container elementor-column-gap-extended\">\n\t\t\t\t\t<div class=\"elementor-column elementor-col-100 elementor-top-column elementor-element elementor-element-2fc28cdc sc_inner_width_none sc_content_align_inherit sc_layouts_column_icons_position_left sc_fly_static\" data-id=\"2fc28cdc\" data-element_type=\"column\">\n\t\t\t<div class=\"elementor-widget-wrap elementor-element-populated\">\n\t\t\t\t\t\t<div class=\"elementor-element elementor-element-43af1aba sc_height_huge sc_fly_static elementor-widget elementor-widget-spacer\" data-id=\"43af1aba\" data-element_type=\"widget\" data-widget_type=\"spacer.default\">\n\t\t\t\t<div class=\"elementor-widget-container\">\n\t\t\t\t\t\t\t<div class=\"elementor-spacer\">\n\t\t\t<div class=\"elementor-spacer-inner\"><\/div>\n\t\t<\/div>\n\t\t\t\t\t\t<\/div>\n\t\t\t\t<\/div>\n\t\t\t\t\t<\/div>\n\t\t<\/div>\n\t\t\t\t\t<\/div>\n\t\t<\/section>\n\t\t\t\t<section class=\"elementor-section elementor-top-section elementor-element elementor-element-2917a763 elementor-section-content-middle elementor-section-boxed elementor-section-height-default elementor-section-height-default sc_fly_static\" data-id=\"2917a763\" data-element_type=\"section\" data-settings=\"{&quot;background_background&quot;:&quot;classic&quot;}\">\n\t\t\t\t\t\t<div class=\"elementor-container elementor-column-gap-extended\">\n\t\t\t\t\t<div class=\"elementor-column elementor-col-50 elementor-top-column elementor-element elementor-element-2af00c01 sc_inner_width_none sc_content_align_inherit sc_layouts_column_icons_position_left sc_fly_static\" data-id=\"2af00c01\" data-element_type=\"column\">\n\t\t\t<div class=\"elementor-widget-wrap elementor-element-populated\">\n\t\t\t\t\t\t<section class=\"elementor-section elementor-inner-section elementor-element elementor-element-6e0fd3fe elementor-section-content-bottom elementor-section-boxed elementor-section-height-default elementor-section-height-default sc_fly_static\" data-id=\"6e0fd3fe\" data-element_type=\"section\">\n\t\t\t\t\t\t<div class=\"elementor-container elementor-column-gap-no\">\n\t\t\t\t\t<div class=\"elementor-column elementor-col-100 elementor-inner-column elementor-element elementor-element-5df4f0aa sc_inner_width_none sc_content_align_inherit sc_layouts_column_icons_position_left sc_fly_static\" data-id=\"5df4f0aa\" data-element_type=\"column\">\n\t\t\t<div class=\"elementor-widget-wrap elementor-element-populated\">\n\t\t\t\t\t\t<div class=\"elementor-element elementor-element-45ecab45 elementor-widget__width-auto no-title sc_fly_static elementor-widget elementor-widget-image\" data-id=\"45ecab45\" data-element_type=\"widget\" data-widget_type=\"image.default\">\n\t\t\t\t<div class=\"elementor-widget-container\">\n\t\t\t\t\t\t\t\t\t\t\t\t<figure class=\"wp-caption\">\n\t\t\t\t\t\t\t\t\t\t<img decoding=\"async\" src=\"https:\/\/orthoptie.be\/wp-content\/uploads\/elementor\/thumbs\/association-belge-orthoptie-daisy-godts-sfha-r0ykq2wpxkqzw9z3voawkgfjf68dqji4tu6dzoxhmg.jpg\" title=\"association-belge-orthoptie-daisy-godts-sfha\" alt=\"association-belge-orthoptie-daisy-godts-sfha\" loading=\"lazy\" \/>\t\t\t\t\t\t\t\t\t\t\t<figcaption class=\"widget-image-caption wp-caption-text\"><\/figcaption>\n\t\t\t\t\t\t\t\t\t\t<\/figure>\n\t\t\t\t\t\t\t\t\t<\/div>\n\t\t\t\t<\/div>\n\t\t\t\t<div class=\"elementor-element elementor-element-4aaa34d5 scheme_dark elementor-widget__width-initial elementor-absolute sc_fly_static elementor-widget elementor-widget-heading\" data-id=\"4aaa34d5\" data-element_type=\"widget\" data-settings=\"{&quot;_position&quot;:&quot;absolute&quot;}\" data-widget_type=\"heading.default\">\n\t\t\t\t<div class=\"elementor-widget-container\">\n\t\t\t\t\t<h3 class=\"elementor-heading-title elementor-size-default\">Stephenson Honorary Fellow Award (SFHA)<\/h3>\t\t\t\t<\/div>\n\t\t\t\t<\/div>\n\t\t\t\t\t<\/div>\n\t\t<\/div>\n\t\t\t\t\t<\/div>\n\t\t<\/section>\n\t\t\t\t\t<\/div>\n\t\t<\/div>\n\t\t\t\t<div class=\"elementor-column elementor-col-50 elementor-top-column elementor-element elementor-element-33c4f55c sc_inner_width_none sc_content_align_inherit sc_layouts_column_icons_position_left sc_fly_static\" data-id=\"33c4f55c\" data-element_type=\"column\">\n\t\t\t<div class=\"elementor-widget-wrap elementor-element-populated\">\n\t\t\t\t\t\t<div class=\"elementor-element elementor-element-9069689 sc_fly_static elementor-widget elementor-widget-trx_sc_title\" data-id=\"9069689\" data-element_type=\"widget\" data-widget_type=\"trx_sc_title.default\">\n\t\t\t\t<div class=\"elementor-widget-container\">\n\t\t\t\t\t<div\t\tclass=\"sc_title sc_title_default\" ><h2 class=\"sc_item_title sc_title_title sc_item_title_style_default sc_item_title_tag\"\n\t\t\t><span class=\"sc_item_title_text\">Proficiat aan onze penningmeester Daisy Godts!<\/span><\/h2><\/div>\t\t\t\t<\/div>\n\t\t\t\t<\/div>\n\t\t\t\t<div class=\"elementor-element elementor-element-76daec77 sc_fly_static elementor-widget elementor-widget-spacer\" data-id=\"76daec77\" data-element_type=\"widget\" data-widget_type=\"spacer.default\">\n\t\t\t\t<div class=\"elementor-widget-container\">\n\t\t\t\t\t\t\t<div class=\"elementor-spacer\">\n\t\t\t<div class=\"elementor-spacer-inner\"><\/div>\n\t\t<\/div>\n\t\t\t\t\t\t<\/div>\n\t\t\t\t<\/div>\n\t\t\t\t<div class=\"elementor-element elementor-element-886b09e sc_fly_static elementor-widget elementor-widget-text-editor\" data-id=\"886b09e\" data-element_type=\"widget\" data-widget_type=\"text-editor.default\">\n\t\t\t\t<div class=\"elementor-widget-container\">\n\t\t\t\t\t\t\t\t\t<p class=\" translation-block\">De Belgische Vereniging van Orthoptisten (ABO-BOV) is trots om aan te kondigen dat Daisy Godts, onze penningmeester, de prestigieuze Stephenson Honorary Fellow Award (SFHA) heeft ontvangen tijdens de Algemene Jaarvergadering van de IOA op 1 februari 2025.<\/p><p class=\" translation-block\">Deze onderscheiding erkent haar uitzonderlijke inzet voor de orthoptie op het gebied van wetenschap, onderwijs, verenigingswerk en humanitaire hulp. Met meer dan 40 jaar carri\u00e8re heeft Daisy een blijvende indruk achtergelaten op ons beroep, zowel in Belgi\u00eb als wereldwijd, dankzij haar leiderschap, invloedrijke onderzoek en passie voor het opleiden van nieuwe generaties orthoptisten.<\/p><p class=\" translation-block\">Haar impact beperkt zich niet tot de landsgrenzen: door haar humanitaire missies in Afrika, India en de Dominicaanse Republiek heeft ze niet alleen bijgedragen aan betere toegang tot oogzorg, maar ook lokale professionals opgeleid.<\/p><article class=\"w-full text-token-text-primary focus-visible:outline-2 focus-visible:outline-offset-[-4px]\" dir=\"auto\" data-testid=\"conversation-turn-3\" data-scroll-anchor=\"false\"><div class=\"m-auto text-base py-[18px] px-3 md:px-4 w-full md:px-5 lg:px-4 xl:px-5\"><div class=\"mx-auto flex flex-1 gap-4 text-base md:gap-5 lg:gap-6 md:max-w-3xl lg:max-w-[40rem] xl:max-w-[48rem]\"><div class=\"group\/conversation-turn relative flex w-full min-w-0 flex-col agent-turn\"><div class=\"flex-col gap-1 md:gap-3\"><div class=\"flex max-w-full flex-col flex-grow\"><div class=\"min-h-8 text-message flex w-full flex-col items-end gap-2 whitespace-normal break-words text-start [.text-message+&amp;]:mt-5\" dir=\"auto\" data-message-author-role=\"assistant\" data-message-id=\"dd39c764-0de7-459e-a359-e43042fec317\" data-message-model-slug=\"gpt-4o\"><div class=\"flex w-full flex-col gap-1 empty:hidden first:pt-[3px]\"><div class=\"markdown prose w-full break-words dark:prose-invert light\"><p>\ud83d\ude4f <strong>Bravo, Daisy !<\/strong> Jouw toewijding inspireert de hele orthoptische gemeenschap! \ud83c\udf96\ufe0f\ud83d\udc99<\/p><\/div><\/div><\/div><\/div><\/div><\/div><\/div><\/div><\/article>\t\t\t\t\t\t\t\t<\/div>\n\t\t\t\t<\/div>\n\t\t\t\t<div class=\"elementor-element elementor-element-f845f4c sc_fly_static elementor-widget elementor-widget-spacer\" data-id=\"f845f4c\" data-element_type=\"widget\" data-widget_type=\"spacer.default\">\n\t\t\t\t<div class=\"elementor-widget-container\">\n\t\t\t\t\t\t\t<div class=\"elementor-spacer\">\n\t\t\t<div class=\"elementor-spacer-inner\"><\/div>\n\t\t<\/div>\n\t\t\t\t\t\t<\/div>\n\t\t\t\t<\/div>\n\t\t\t\t<div class=\"elementor-element elementor-element-2e9e24c sc_height_tiny sc_layouts_hide_on_tablet sc_layouts_hide_on_mobile sc_fly_static elementor-widget elementor-widget-spacer\" data-id=\"2e9e24c\" data-element_type=\"widget\" data-widget_type=\"spacer.default\">\n\t\t\t\t<div class=\"elementor-widget-container\">\n\t\t\t\t\t\t\t<div class=\"elementor-spacer\">\n\t\t\t<div class=\"elementor-spacer-inner\"><\/div>\n\t\t<\/div>\n\t\t\t\t\t\t<\/div>\n\t\t\t\t<\/div>\n\t\t\t\t\t<\/div>\n\t\t<\/div>\n\t\t\t\t\t<\/div>\n\t\t<\/section>\n\t\t\t\t<section class=\"elementor-section elementor-top-section elementor-element elementor-element-b45a455 scheme_default elementor-section-boxed elementor-section-height-default elementor-section-height-default sc_fly_static\" data-id=\"b45a455\" data-element_type=\"section\" data-settings=\"{&quot;background_background&quot;:&quot;classic&quot;}\">\n\t\t\t\t\t\t<div class=\"elementor-container elementor-column-gap-extended\">\n\t\t\t\t\t<div class=\"elementor-column elementor-col-100 elementor-top-column elementor-element elementor-element-4b61f05 sc_inner_width_none sc_content_align_inherit sc_layouts_column_icons_position_left sc_fly_static\" data-id=\"4b61f05\" data-element_type=\"column\">\n\t\t\t<div class=\"elementor-widget-wrap elementor-element-populated\">\n\t\t\t\t\t\t<div class=\"elementor-element elementor-element-6de8812 sc_height_huge sc_fly_static elementor-widget elementor-widget-spacer\" data-id=\"6de8812\" data-element_type=\"widget\" data-widget_type=\"spacer.default\">\n\t\t\t\t<div class=\"elementor-widget-container\">\n\t\t\t\t\t\t\t<div class=\"elementor-spacer\">\n\t\t\t<div class=\"elementor-spacer-inner\"><\/div>\n\t\t<\/div>\n\t\t\t\t\t\t<\/div>\n\t\t\t\t<\/div>\n\t\t\t\t<div class=\"elementor-element elementor-element-4fbd0d8 sc_height_small sc_fly_static elementor-widget elementor-widget-spacer\" data-id=\"4fbd0d8\" data-element_type=\"widget\" data-widget_type=\"spacer.default\">\n\t\t\t\t<div class=\"elementor-widget-container\">\n\t\t\t\t\t\t\t<div class=\"elementor-spacer\">\n\t\t\t<div class=\"elementor-spacer-inner\"><\/div>\n\t\t<\/div>\n\t\t\t\t\t\t<\/div>\n\t\t\t\t<\/div>\n\t\t\t\t<section class=\"elementor-section elementor-inner-section elementor-element elementor-element-a172a21 elementor-section-boxed elementor-section-height-default elementor-section-height-default sc_fly_static\" data-id=\"a172a21\" data-element_type=\"section\">\n\t\t\t\t\t\t<div class=\"elementor-container elementor-column-gap-no\">\n\t\t\t\t\t<div class=\"elementor-column elementor-col-100 elementor-inner-column elementor-element elementor-element-6b344b0 sc_inner_width_none sc_content_align_inherit sc_layouts_column_icons_position_left sc_fly_static\" data-id=\"6b344b0\" data-element_type=\"column\">\n\t\t\t<div class=\"elementor-widget-wrap elementor-element-populated\">\n\t\t\t\t\t\t<div class=\"elementor-element elementor-element-e378af8 sc_fly_static elementor-widget elementor-widget-trx_sc_title\" data-id=\"e378af8\" data-element_type=\"widget\" data-widget_type=\"trx_sc_title.default\">\n\t\t\t\t<div class=\"elementor-widget-container\">\n\t\t\t\t\t<div\t\tclass=\"sc_title sc_title_default\" ><h1 class=\"sc_item_title sc_title_title sc_align_center sc_item_title_style_default sc_item_title_tag\"\n\t\t\t><span class=\"sc_item_title_text\">Bij het in ontvangst nemen van de prijs verklaarde Daisy:<\/span><\/h1><\/div>\t\t\t\t<\/div>\n\t\t\t\t<\/div>\n\t\t\t\t<div class=\"elementor-element elementor-element-93798ab sc_height_small sc_fly_static elementor-widget elementor-widget-spacer\" data-id=\"93798ab\" data-element_type=\"widget\" data-widget_type=\"spacer.default\">\n\t\t\t\t<div class=\"elementor-widget-container\">\n\t\t\t\t\t\t\t<div class=\"elementor-spacer\">\n\t\t\t<div class=\"elementor-spacer-inner\"><\/div>\n\t\t<\/div>\n\t\t\t\t\t\t<\/div>\n\t\t\t\t<\/div>\n\t\t\t\t<div class=\"elementor-element elementor-element-2781f45 sc_fly_static elementor-widget elementor-widget-text-editor\" data-id=\"2781f45\" data-element_type=\"widget\" data-widget_type=\"text-editor.default\">\n\t\t\t\t<div class=\"elementor-widget-container\">\n\t\t\t\t\t\t\t\t\t<p>\ud83d\udde3 <em>Het is een enorme eer om deze erkenning van mijn collega's te ontvangen. Orthoptie is mijn levenslange passie geweest en ik ben trots dat ik heb kunnen bijdragen aan de vooruitgang ervan wereldwijd. Ik deel deze onderscheiding met al mijn collega's en studenten die onze beroepsgroep blijven vooruithelpen.<\/em><\/p>\t\t\t\t\t\t\t\t<\/div>\n\t\t\t\t<\/div>\n\t\t\t\t<div class=\"elementor-element elementor-element-ba47e6e sc_height_huge sc_fly_static elementor-widget elementor-widget-spacer\" data-id=\"ba47e6e\" data-element_type=\"widget\" data-widget_type=\"spacer.default\">\n\t\t\t\t<div class=\"elementor-widget-container\">\n\t\t\t\t\t\t\t<div class=\"elementor-spacer\">\n\t\t\t<div class=\"elementor-spacer-inner\"><\/div>\n\t\t<\/div>\n\t\t\t\t\t\t<\/div>\n\t\t\t\t<\/div>\n\t\t\t\t\t<\/div>\n\t\t<\/div>\n\t\t\t\t\t<\/div>\n\t\t<\/section>\n\t\t\t\t\t<\/div>\n\t\t<\/div>\n\t\t\t\t\t<\/div>\n\t\t<\/section>\n\t\t\t\t<section class=\"elementor-section elementor-top-section elementor-element elementor-element-5b168ee elementor-section-boxed elementor-section-height-default elementor-section-height-default sc_fly_static\" data-id=\"5b168ee\" data-element_type=\"section\">\n\t\t\t\t\t\t<div class=\"elementor-container elementor-column-gap-extended\">\n\t\t\t\t\t<div class=\"elementor-column elementor-col-100 elementor-top-column elementor-element elementor-element-fb50d89 sc_inner_width_none sc_content_align_inherit sc_layouts_column_icons_position_left sc_fly_static\" data-id=\"fb50d89\" data-element_type=\"column\">\n\t\t\t<div class=\"elementor-widget-wrap elementor-element-populated\">\n\t\t\t\t\t\t<div class=\"elementor-element elementor-element-aed3261 sc_height_huge sc_fly_static elementor-widget elementor-widget-spacer\" data-id=\"aed3261\" data-element_type=\"widget\" data-widget_type=\"spacer.default\">\n\t\t\t\t<div class=\"elementor-widget-container\">\n\t\t\t\t\t\t\t<div class=\"elementor-spacer\">\n\t\t\t<div class=\"elementor-spacer-inner\"><\/div>\n\t\t<\/div>\n\t\t\t\t\t\t<\/div>\n\t\t\t\t<\/div>\n\t\t\t\t\t<\/div>\n\t\t<\/div>\n\t\t\t\t\t<\/div>\n\t\t<\/section>\n\t\t\t\t<section class=\"elementor-section elementor-top-section elementor-element elementor-element-a6ab552 elementor-section-boxed elementor-section-height-default elementor-section-height-default sc_fly_static\" data-id=\"a6ab552\" data-element_type=\"section\" data-settings=\"{&quot;background_background&quot;:&quot;classic&quot;}\">\n\t\t\t\t\t\t<div class=\"elementor-container elementor-column-gap-default\">\n\t\t\t\t\t<div class=\"elementor-column elementor-col-50 elementor-top-column elementor-element elementor-element-b62ab49 sc_inner_width_none sc_content_align_inherit sc_layouts_column_icons_position_left sc_fly_static\" data-id=\"b62ab49\" data-element_type=\"column\">\n\t\t\t<div class=\"elementor-widget-wrap elementor-element-populated\">\n\t\t\t\t\t\t<div class=\"elementor-element elementor-element-8030cd3 sc_fly_static elementor-widget elementor-widget-trx_sc_title\" data-id=\"8030cd3\" data-element_type=\"widget\" data-widget_type=\"trx_sc_title.default\">\n\t\t\t\t<div class=\"elementor-widget-container\">\n\t\t\t\t\t<div\t\tclass=\"sc_title sc_title_default\" ><h1 class=\"sc_item_title sc_title_title sc_item_title_style_default sc_item_title_tag\"\n\t\t\t><span class=\"sc_item_title_text\">Leden van het bureau<\/span><\/h1><\/div>\t\t\t\t<\/div>\n\t\t\t\t<\/div>\n\t\t\t\t<div class=\"elementor-element elementor-element-582d0e5 sc_fly_static elementor-widget elementor-widget-spacer\" data-id=\"582d0e5\" data-element_type=\"widget\" data-widget_type=\"spacer.default\">\n\t\t\t\t<div class=\"elementor-widget-container\">\n\t\t\t\t\t\t\t<div class=\"elementor-spacer\">\n\t\t\t<div class=\"elementor-spacer-inner\"><\/div>\n\t\t<\/div>\n\t\t\t\t\t\t<\/div>\n\t\t\t\t<\/div>\n\t\t\t\t\t<\/div>\n\t\t<\/div>\n\t\t\t\t<div class=\"elementor-column elementor-col-50 elementor-top-column elementor-element elementor-element-cb6f3b2 scheme_default sc_inner_width_none sc_content_align_inherit sc_layouts_column_icons_position_left sc_fly_static\" data-id=\"cb6f3b2\" data-element_type=\"column\">\n\t\t\t<div class=\"elementor-widget-wrap elementor-element-populated\">\n\t\t\t\t\t\t<div class=\"elementor-element elementor-element-d37b0de sc_fly_static elementor-widget elementor-widget-text-editor\" data-id=\"d37b0de\" data-element_type=\"widget\" data-widget_type=\"text-editor.default\">\n\t\t\t\t<div class=\"elementor-widget-container\">\n\t\t\t\t\t\t\t\t\t<h6>Voorzitter : Manon Maassen<\/h6><p>Als voorzitter staat Manon Maassen aan het hoofd van de BOV. Ze houdt toezicht op alle activiteiten van de vereniging en vertegenwoordigt officieel de Belgische orthoptisten bij instellingen, gezondheidsautoriteiten en professionele partners. Haar rol is cruciaal om de strategische ori\u00ebntaties van BOV te bepalen en ervoor te zorgen dat de belangen van het beroep worden verdedigd.<\/p><h6>Vice-voorzitter : Alain Bauwens<\/h6><p>Alain Bauwens ondersteunt de voorzitter in haar taken en vervangt haar bij afwezigheid. Hij speelt een actieve rol in de besluitvorming en organisatie van de grote projecten van de BOV en zorgt ervoor dat de verschillende initiatieven van de vereniging goed op elkaar worden afgestemd. Hij is tevens de Belgische vertegenwoordiger in de OCE.<\/p><h6>Penningmeester: Daisy Godts<\/h6><p>Daisy Godts is verantwoordelijk voor het financi\u00eble beheer van de BOV. Ze houdt de boekhouding bij, bereidt begrotingen voor en zorgt voor financi\u00eble transparantie van de vereniging. Haar werk zorgt ervoor dat de BOV haar activiteiten kan blijven financieren en haar leden kwaliteitsdiensten kan blijven aanbieden. Zij is tevens de Belgische vertegenwoordiger in de IOA en de wetenschappelijke vertegenwoordiger bij OB.<\/p><h6>Franstalige secretaresse: Alicia Coureau<\/h6><p>Alicia Coureau is verantwoordelijk voor het administratieve beheer van de Franstalige leden van de BOV. Ze houdt zich bezig met correspondentie, dossierbeheer en interne communicatie voor de Franstalige leden.<\/p><h6>Nederlandstalige secretaresse: Lien Antoons<\/h6><p>Lien Antoons vervult dezelfde rol als de Franstalige secretaresse, maar dan voor Nederlandstalige leden. Zij is een onmisbare schakel voor de Nederlandstalige orthoptische gemeenschap in Belgi\u00eb en zorgt voor een vlotte en effici\u00ebnte communicatie.<\/p><h6>Manager sociaal netwerk: Cassandre Delperdange<\/h6><p>Cassandre Delperdange beheert de online aanwezigheid van de BOV op sociale netwerken, zowel in het Frans als in het Nederlands. Ze verspreidt belangrijke informatie, brengt evenementen onder de aandacht en vergroot het publieke bewustzijn over orthoptie en de activiteiten van de BOV en haar leden.<\/p><h6>Website :Chamseddoha El Mahboub<\/h6><p>Chamseddoha El Mahboub is verantwoordelijk voor het onderhouden en updaten van de BOV website. Zij zorgt ervoor dat alle belangrijke informatie online beschikbaar is en garandeert een toegankelijk en up-to-date platform voor leden en publiek.<\/p><h6>Bestuurders: R\u00e9mi Gu\u00e9rin, C\u00e9lestine Vervotte en Kathleen Thibert<\/h6><p>Deze bestuurders spelen een sleutelrol in het beheer van wetenschappelijke projecten, interne communicatie en administratieve ondersteuning. Ze spelen een actieve rol in de ontwikkeling van de vereniging door de leiding te nemen over specifieke initiatieven die bijdragen aan de missie van de BOV. Hun expertise helpt de acties van de BOV te versterken in de orthoptistengemeenschap en bij het grote publiek.<\/p>\t\t\t\t\t\t\t\t<\/div>\n\t\t\t\t<\/div>\n\t\t\t\t\t<\/div>\n\t\t<\/div>\n\t\t\t\t\t<\/div>\n\t\t<\/section>\n\t\t\t\t<section class=\"elementor-section elementor-top-section elementor-element elementor-element-084ffa6 elementor-section-boxed elementor-section-height-default elementor-section-height-default sc_fly_static\" data-id=\"084ffa6\" data-element_type=\"section\" data-settings=\"{&quot;background_background&quot;:&quot;classic&quot;}\">\n\t\t\t\t\t\t<div class=\"elementor-container elementor-column-gap-default\">\n\t\t\t\t\t<div class=\"elementor-column elementor-col-100 elementor-top-column elementor-element elementor-element-8f4280e scheme_default sc_inner_width_none sc_content_align_inherit sc_layouts_column_icons_position_left sc_fly_static\" data-id=\"8f4280e\" data-element_type=\"column\">\n\t\t\t<div class=\"elementor-widget-wrap elementor-element-populated\">\n\t\t\t\t\t\t<div class=\"elementor-element elementor-element-514700d sc_height_huge sc_fly_static elementor-widget elementor-widget-spacer\" data-id=\"514700d\" data-element_type=\"widget\" data-widget_type=\"spacer.default\">\n\t\t\t\t<div class=\"elementor-widget-container\">\n\t\t\t\t\t\t\t<div class=\"elementor-spacer\">\n\t\t\t<div class=\"elementor-spacer-inner\"><\/div>\n\t\t<\/div>\n\t\t\t\t\t\t<\/div>\n\t\t\t\t<\/div>\n\t\t\t\t\t<\/div>\n\t\t<\/div>\n\t\t\t\t\t<\/div>\n\t\t<\/section>\n\t\t\t\t<\/div>","protected":false},"excerpt":{"rendered":"<p>&hellip;<\/p>","protected":false},"author":1,"featured_media":0,"parent":0,"menu_order":0,"comment_status":"closed","ping_status":"closed","template":"","meta":{"_bbp_topic_count":0,"_bbp_reply_count":0,"_bbp_total_topic_count":0,"_bbp_total_reply_count":0,"_bbp_voice_count":0,"_bbp_anonymous_reply_count":0,"_bbp_topic_count_hidden":0,"_bbp_reply_count_hidden":0,"_bbp_forum_subforum_count":0,"footnotes":""},"class_list":["post-27308","page","type-page","status-publish","hentry"],"_links":{"self":[{"href":"https:\/\/orthoptie.be\/nl\/wp-json\/wp\/v2\/pages\/27308","targetHints":{"allow":["GET"]}}],"collection":[{"href":"https:\/\/orthoptie.be\/nl\/wp-json\/wp\/v2\/pages"}],"about":[{"href":"https:\/\/orthoptie.be\/nl\/wp-json\/wp\/v2\/types\/page"}],"author":[{"embeddable":true,"href":"https:\/\/orthoptie.be\/nl\/wp-json\/wp\/v2\/users\/1"}],"replies":[{"embeddable":true,"href":"https:\/\/orthoptie.be\/nl\/wp-json\/wp\/v2\/comments?post=27308"}],"version-history":[{"count":9,"href":"https:\/\/orthoptie.be\/nl\/wp-json\/wp\/v2\/pages\/27308\/revisions"}],"predecessor-version":[{"id":27319,"href":"https:\/\/orthoptie.be\/nl\/wp-json\/wp\/v2\/pages\/27308\/revisions\/27319"}],"wp:attachment":[{"href":"https:\/\/orthoptie.be\/nl\/wp-json\/wp\/v2\/media?parent=27308"}],"curies":[{"name":"wp","href":"https:\/\/api.w.org\/{rel}","templated":true}]}}